{"id":761,"date":"2019-01-11T16:55:10","date_gmt":"2019-01-11T16:55:10","guid":{"rendered":"https:\/\/elbatall.com\/?page_id=761"},"modified":"2019-05-28T17:18:04","modified_gmt":"2019-05-28T17:18:04","slug":"condiciones-de-compra","status":"publish","type":"page","link":"https:\/\/elbatall.com\/es\/condiciones-de-compra\/","title":{"rendered":"Condiciones de compra"},"content":{"rendered":"<p>[et_pb_section fb_built=\u00bb1&#8243; _builder_version=\u00bb3.22.3&#8243;][et_pb_row _builder_version=\u00bb3.22.3&#8243; background_size=\u00bbinitial\u00bb background_position=\u00bbtop_left\u00bb background_repeat=\u00bbrepeat\u00bb][et_pb_column type=\u00bb4_4&#8243; _builder_version=\u00bb3.0.47&#8243;][et_pb_post_title meta=\u00bboff\u00bb _builder_version=\u00bb3.23.3&#8243; title_font=\u00bb|700||on|||||\u00bb][\/et_pb_post_title][et_pb_accordion _builder_version=\u00bb3.23.3&#8243;][et_pb_accordion_item title=\u00bbSEGURIDAD Y PROTECCI\u00d3N A COMPRADORES\u00bb open=\u00bbon\u00bb _builder_version=\u00bb3.23.3&#8243; title_text_shadow_horizontal_length=\u00bb0em\u00bb title_text_shadow_vertical_length=\u00bb0em\u00bb title_text_shadow_blur_strength=\u00bb0em\u00bb closed_title_text_shadow_horizontal_length=\u00bb0em\u00bb closed_title_text_shadow_vertical_length=\u00bb0em\u00bb closed_title_text_shadow_blur_strength=\u00bb0em\u00bb]<\/p>\n<p style=\"text-align: justify;\">Los pagos de las compras en Rumiant.com se hacen a trav\u00e9s de Redsys (Canal oficial de pago de BBVA) con todos los sistemas de encriptaci\u00f3n y seguridad de transferencia de datos a trav\u00e9s del protocolo SSL, por lo que el comprador disfrutar\u00e1 en todo momento con la protecci\u00f3n de estos canales.<\/p>\n<p>[\/et_pb_accordion_item][et_pb_accordion_item title=\u00bbCANCELACI\u00d3N DE PEDIDOS\u00bb open=\u00bboff\u00bb _builder_version=\u00bb3.23.3&#8243; title_text_shadow_horizontal_length=\u00bb0em\u00bb title_text_shadow_vertical_length=\u00bb0em\u00bb title_text_shadow_blur_strength=\u00bb0em\u00bb closed_title_text_shadow_horizontal_length=\u00bb0em\u00bb closed_title_text_shadow_vertical_length=\u00bb0em\u00bb closed_title_text_shadow_blur_strength=\u00bb0em\u00bb]<\/p>\n<p>Puede cancelar un pedido antes de que se le cobre la compra del producto y \/ o servicio. Para ello, haga clic en Atr\u00e1s o Cancelar durante el proceso de pago.<br \/>En caso de realizar el pago del producto y \/ o servicio y no quiera adquirirlo, puede solicitar su devoluci\u00f3n y el reembolso de su importe.<br \/>Para m\u00e1s informaci\u00f3n puede contactar con nosotros a trav\u00e9s del correo electr\u00f3nico info@rumiant.com.<\/p>\n<p>[\/et_pb_accordion_item][et_pb_accordion_item title=\u00bbDEVOLUCIONES Y REEMBOLSO\u00bb open=\u00bboff\u00bb _builder_version=\u00bb3.23.3&#8243; title_text_shadow_horizontal_length=\u00bb0em\u00bb title_text_shadow_vertical_length=\u00bb0em\u00bb title_text_shadow_blur_strength=\u00bb0em\u00bb closed_title_text_shadow_horizontal_length=\u00bb0em\u00bb closed_title_text_shadow_vertical_length=\u00bb0em\u00bb closed_title_text_shadow_blur_strength=\u00bb0em\u00bb]<\/p>\n<p style=\"text-align: justify;\">De acuerdo con lo establecido en el Real Decreto Legislativo 1\/2007, de 16 de noviembre, por el que se aprueba el texto refundido de la Ley General para la Defensa de los Consumidores y Usuarios, el cliente dispone de un plazo de siete d\u00edas h\u00e1biles (en nuestro caso dispones de 15 d\u00edas naturales) a partir de la recepci\u00f3n del dispositivo para ejercer el derecho de desistimiento.<br \/>En caso de que desee realizar una devoluci\u00f3n cont\u00e1ctenos por correo electr\u00f3nico a la direcci\u00f3n info@rumiant.com.<br \/>No se podr\u00e1 ejercer el derecho de devoluci\u00f3n cuando haya indicios claros de que los productos se han usado de forma negligente y o se ha manipulado. Es obligatorio devolver los dispositivos protegidos correctamente, en su embalaje original, en perfecto estado y junto con su (s) accesorio (s) correspondiente (s) a la direcci\u00f3n que se le indique.<br \/>No se podr\u00e1 aceptar ning\u00fan paquete que no tenga alguno de los elementos de identificaci\u00f3n del remitente (nombre, apellidos, direcci\u00f3n). La devoluci\u00f3n de los productos o servicios solicitados dar\u00e1 lugar al reembolso de la totalidad de las cantidades abonadas por el usuario relativa al importe de los dispositivos.<br \/>Estas cantidades se abonar\u00e1n al cliente por el mismo medio en que realiz\u00f3 el pago en un plazo de 30 d\u00edas a partir del ejercicio del derecho de devoluci\u00f3n.<br \/>En todos los casos, se enviar\u00e1 un correo electr\u00f3nico al cliente informando del reembolso.<br \/>No se aceptar\u00e1n env\u00edos contra reembolso.<\/p>\n<p style=\"text-align: justify;\">\n[\/et_pb_accordion_item][\/et_pb_accordion][\/et_pb_column][\/et_pb_row][\/et_pb_section][et_pb_section fb_built=\u00bb1&#8243; admin_label=\u00bbSection\u00bb _builder_version=\u00bb3.22.3&#8243; background_color=\u00bb#1b1d1e\u00bb custom_padding=\u00bb33px||0px|\u00bb global_module=\u00bb669&#8243;][et_pb_row custom_padding=\u00bb27px|0px|0px|0px\u00bb column_padding_mobile=\u00bbon\u00bb custom_padding_last_edited=\u00bbon|phone\u00bb parallax_method_1=\u00bboff\u00bb parallax_method_2=\u00bboff\u00bb parallax_method_3=\u00bboff\u00bb parallax_method_4=\u00bboff\u00bb module_class_2=\u00bbet_pb_animation_bottom et-animated et-waypoint\u00bb module_class_3=\u00bbet_pb_animation_bottom et-animated et-waypoint\u00bb module_class_4=\u00bbet_pb_animation_bottom et-animated et-waypoint\u00bb admin_label=\u00bbRow\u00bb module_class=\u00bb et_pb_row_fullwidth\u00bb _builder_version=\u00bb3.22.3&#8243; background_size=\u00bbinitial\u00bb background_position=\u00bbtop_left\u00bb background_repeat=\u00bbrepeat\u00bb width=\u00bb89%\u00bb width_tablet=\u00bb80%\u00bb width_last_edited=\u00bbon|desktop\u00bb max_width=\u00bb89%\u00bb max_width_tablet=\u00bb80%\u00bb max_width_last_edited=\u00bbon|desktop\u00bb make_fullwidth=\u00bbon\u00bb][et_pb_column type=\u00bb1_4&#8243; _builder_version=\u00bb3.0.47&#8243;][et_pb_image src=\u00bbhttp:\/\/elbatall.com\/wp-content\/uploads\/2019\/01\/logo-rumiant-digital-animnal.jpg\u00bb align_tablet=\u00bbcenter\u00bb align_last_edited=\u00bbon|desktop\u00bb _builder_version=\u00bb3.23&#8243; module_alignment=\u00bbleft\u00bb custom_margin=\u00bb0px|0px||\u00bb][\/et_pb_image][\/et_pb_column][et_pb_column type=\u00bb1_4&#8243; _builder_version=\u00bb3.0.47&#8243;][et_pb_contact_form captcha=\u00bboff\u00bb email=\u00bbadmin@rumiant.com\u00bb title=\u00bbFormulario de contacto\u00bb custom_message=\u00bbGr\u00e0cies per contactar amb nosaltres! ||et_pb_line_break_holder||Ens posarem en contacte amb vost\u00e8 tant aviat com ens sigui possible.\u00bb success_message=\u00bbGracias. Nos pondremos en contacto contigo\u00bb submit_button_text=\u00bbEnviar\u00bb _builder_version=\u00bb3.23.3&#8243; title_font=\u00bb||||||||\u00bb title_text_color=\u00bb#ffffff\u00bb form_field_font=\u00bb||||||||\u00bb border_radii=\u00bbon|4px|4px|4px|4px\u00bb box_shadow_style=\u00bbpreset2&#8243; box_shadow_color=\u00bbrgba(0,0,0,0)\u00bb custom_margin=\u00bb43px||\u00bb][et_pb_contact_field field_id=\u00bbNom\u00bb field_title=\u00bbNombre\u00bb _builder_version=\u00bb3.23.3&#8243; border_radii=\u00bbon||||\u00bb button_text_size__hover_enabled=\u00bboff\u00bb button_one_text_size__hover_enabled=\u00bboff\u00bb button_two_text_size__hover_enabled=\u00bboff\u00bb button_text_color__hover_enabled=\u00bboff\u00bb button_one_text_color__hover_enabled=\u00bboff\u00bb button_two_text_color__hover_enabled=\u00bboff\u00bb button_border_width__hover_enabled=\u00bboff\u00bb button_one_border_width__hover_enabled=\u00bboff\u00bb button_two_border_width__hover_enabled=\u00bboff\u00bb button_border_color__hover_enabled=\u00bboff\u00bb button_one_border_color__hover_enabled=\u00bboff\u00bb button_two_border_color__hover_enabled=\u00bboff\u00bb button_border_radius__hover_enabled=\u00bboff\u00bb button_one_border_radius__hover_enabled=\u00bboff\u00bb button_two_border_radius__hover_enabled=\u00bboff\u00bb button_letter_spacing__hover_enabled=\u00bboff\u00bb button_one_letter_spacing__hover_enabled=\u00bboff\u00bb button_two_letter_spacing__hover_enabled=\u00bboff\u00bb button_bg_color__hover_enabled=\u00bboff\u00bb button_one_bg_color__hover_enabled=\u00bboff\u00bb button_two_bg_color__hover_enabled=\u00bboff\u00bb][\/et_pb_contact_field][et_pb_contact_field field_id=\u00bbEmail\u00bb field_title=\u00bbEmail\u00bb field_type=\u00bbemail\u00bb _builder_version=\u00bb3.19.7&#8243; form_field_font=\u00bb||||||||\u00bb border_radii=\u00bbon||||\u00bb button_text_size__hover_enabled=\u00bboff\u00bb button_one_text_size__hover_enabled=\u00bboff\u00bb button_two_text_size__hover_enabled=\u00bboff\u00bb button_text_color__hover_enabled=\u00bboff\u00bb button_one_text_color__hover_enabled=\u00bboff\u00bb button_two_text_color__hover_enabled=\u00bboff\u00bb button_border_width__hover_enabled=\u00bboff\u00bb button_one_border_width__hover_enabled=\u00bboff\u00bb button_two_border_width__hover_enabled=\u00bboff\u00bb button_border_color__hover_enabled=\u00bboff\u00bb button_one_border_color__hover_enabled=\u00bboff\u00bb button_two_border_color__hover_enabled=\u00bboff\u00bb button_border_radius__hover_enabled=\u00bboff\u00bb button_one_border_radius__hover_enabled=\u00bboff\u00bb button_two_border_radius__hover_enabled=\u00bboff\u00bb button_letter_spacing__hover_enabled=\u00bboff\u00bb button_one_letter_spacing__hover_enabled=\u00bboff\u00bb button_two_letter_spacing__hover_enabled=\u00bboff\u00bb button_bg_color__hover_enabled=\u00bboff\u00bb button_one_bg_color__hover_enabled=\u00bboff\u00bb button_two_bg_color__hover_enabled=\u00bboff\u00bb][\/et_pb_contact_field][et_pb_contact_field field_id=\u00bbMissatge\u00bb field_title=\u00bbMensaje\u00bb field_type=\u00bbtext\u00bb fullwidth_field=\u00bbon\u00bb _builder_version=\u00bb3.23.3&#8243; border_radii=\u00bbon||||\u00bb button_text_size__hover_enabled=\u00bboff\u00bb button_one_text_size__hover_enabled=\u00bboff\u00bb button_two_text_size__hover_enabled=\u00bboff\u00bb button_text_color__hover_enabled=\u00bboff\u00bb button_one_text_color__hover_enabled=\u00bboff\u00bb button_two_text_color__hover_enabled=\u00bboff\u00bb button_border_width__hover_enabled=\u00bboff\u00bb button_one_border_width__hover_enabled=\u00bboff\u00bb button_two_border_width__hover_enabled=\u00bboff\u00bb button_border_color__hover_enabled=\u00bboff\u00bb button_one_border_color__hover_enabled=\u00bboff\u00bb button_two_border_color__hover_enabled=\u00bboff\u00bb button_border_radius__hover_enabled=\u00bboff\u00bb button_one_border_radius__hover_enabled=\u00bboff\u00bb button_two_border_radius__hover_enabled=\u00bboff\u00bb button_letter_spacing__hover_enabled=\u00bboff\u00bb button_one_letter_spacing__hover_enabled=\u00bboff\u00bb button_two_letter_spacing__hover_enabled=\u00bboff\u00bb button_bg_color__hover_enabled=\u00bboff\u00bb button_one_bg_color__hover_enabled=\u00bboff\u00bb button_two_bg_color__hover_enabled=\u00bboff\u00bb][\/et_pb_contact_field][\/et_pb_contact_form][\/et_pb_column][et_pb_column type=\u00bb1_4&#8243; _builder_version=\u00bb3.0.47&#8243;][et_pb_button button_alignment=\u00bbleft\u00bb _builder_version=\u00bb3.16&#8243; button_text_size__hover_enabled=\u00bboff\u00bb button_one_text_size__hover_enabled=\u00bboff\u00bb button_two_text_size__hover_enabled=\u00bboff\u00bb button_text_color__hover_enabled=\u00bboff\u00bb button_one_text_color__hover_enabled=\u00bboff\u00bb button_two_text_color__hover_enabled=\u00bboff\u00bb button_border_width__hover_enabled=\u00bboff\u00bb button_one_border_width__hover_enabled=\u00bboff\u00bb button_two_border_width__hover_enabled=\u00bboff\u00bb button_border_color__hover_enabled=\u00bboff\u00bb button_one_border_color__hover_enabled=\u00bboff\u00bb button_two_border_color__hover_enabled=\u00bboff\u00bb button_border_radius__hover_enabled=\u00bboff\u00bb button_one_border_radius__hover_enabled=\u00bboff\u00bb button_two_border_radius__hover_enabled=\u00bboff\u00bb button_letter_spacing__hover_enabled=\u00bboff\u00bb button_one_letter_spacing__hover_enabled=\u00bboff\u00bb button_two_letter_spacing__hover_enabled=\u00bboff\u00bb button_bg_color__hover_enabled=\u00bboff\u00bb button_one_bg_color__hover_enabled=\u00bboff\u00bb button_two_bg_color__hover_enabled=\u00bboff\u00bb][\/et_pb_button][et_pb_blurb title=\u00bbContacta con nosotros\u00bb url=\u00bbtel:\/\/+34938251200&#8243; use_icon=\u00bbon\u00bb font_icon=\u00bb%%264%%\u00bb icon_placement=\u00bbleft\u00bb use_icon_font_size=\u00bbon\u00bb icon_font_size=\u00bb25px\u00bb _builder_version=\u00bb3.23.3&#8243; header_font=\u00bb|||on|\u00bb header_text_color=\u00bb#ffffff\u00bb header_font_size=\u00bb35px\u00bb body_font=\u00bbRaleway Light||||\u00bb body_text_color=\u00bb#ffffff\u00bb body_font_size=\u00bb17px\u00bb background_size=\u00bbinitial\u00bb background_position=\u00bbtop_left\u00bb background_repeat=\u00bbrepeat\u00bb max_width_tablet=\u00bb50px\u00bb animation=\u00bbbottom\u00bb]Tel\u00e9fono:<br \/>\n+34 686 776 489<\/p>\n<p><span style=\"font-size: 17px;\">Correo electr\u00f3nico:<\/span><\/p>\n<p><a href=\"mailto:admin@rumiant.com\">admin@rumiant.com<\/a><\/p>\n<p>[\/et_pb_blurb][\/et_pb_column][et_pb_column type=\u00bb1_4&#8243; _builder_version=\u00bb3.0.47&#8243;][et_pb_text admin_label=\u00bbText\u00bb _builder_version=\u00bb3.0.74&#8243; text_font=\u00bbSource Sans Pro|on|||\u00bb text_text_color=\u00bb#666666&#8243; text_font_size=\u00bb18&#8243; text_line_height=\u00bb1.4em\u00bb background_size=\u00bbinitial\u00bb background_position=\u00bbtop_left\u00bb background_repeat=\u00bbrepeat\u00bb custom_margin=\u00bb||8px|\u00bb][\/et_pb_text][et_pb_blurb title=\u00bbHorario lunes a viernes\u00bb use_icon=\u00bbon\u00bb font_icon=\u00bb%%373%%\u00bb icon_placement=\u00bbleft\u00bb module_class=\u00bbet_pb_animation_bottom et-animated et-waypoint\u00bb _builder_version=\u00bb3.23.3&#8243; header_font=\u00bbPoiret One||||\u00bb header_text_color=\u00bb#ffffff\u00bb header_font_size=\u00bb35px\u00bb body_font=\u00bbRaleway Light||||\u00bb body_text_color=\u00bb#ffffff\u00bb body_font_size=\u00bb17px\u00bb background_size=\u00bbinitial\u00bb background_position=\u00bbtop_left\u00bb background_repeat=\u00bbrepeat\u00bb background_layout=\u00bbdark\u00bb]de 9.00 a 14.00h\u00a0 y d<span style=\"font-size: 17px;\">e 15.00 a 19.00h\u00a0<\/span>[\/et_pb_blurb][et_pb_blurb title=\u00bbHorario s\u00e1bados \u00bb use_icon=\u00bbon\u00bb font_icon=\u00bb%%373%%\u00bb icon_placement=\u00bbleft\u00bb module_class=\u00bbet_pb_animation_bottom et-animated et-waypoint\u00bb _builder_version=\u00bb3.23.3&#8243; header_font=\u00bbPoiret One||||\u00bb header_text_color=\u00bb#ffffff\u00bb header_font_size=\u00bb35px\u00bb body_font=\u00bbRaleway Light||||\u00bb body_text_color=\u00bb#ffffff\u00bb body_font_size=\u00bb17px\u00bb background_size=\u00bbinitial\u00bb background_position=\u00bbtop_left\u00bb background_repeat=\u00bbrepeat\u00bb]de 9.00 a 14 h[\/et_pb_blurb][\/et_pb_column][\/et_pb_row][et_pb_row module_class=\u00bb et_pb_row_fullwidth\u00bb _builder_version=\u00bb3.22.3&#8243; width=\u00bb89%\u00bb width_tablet=\u00bb80%\u00bb width_last_edited=\u00bbon|desktop\u00bb max_width=\u00bb89%\u00bb max_width_tablet=\u00bb80%\u00bb max_width_last_edited=\u00bbon|desktop\u00bb make_fullwidth=\u00bbon\u00bb][et_pb_column type=\u00bb4_4&#8243; _builder_version=\u00bb3.19.7&#8243;][et_pb_text _builder_version=\u00bb3.19.7&#8243;]<\/p>\n<h5 style=\"text-align: center;\"><\/h5>\n<h5 style=\"text-align: center;\"><\/h5>\n<h5 style=\"text-align: center;\"><\/h5>\n<h5 style=\"text-align: center;\"><span style=\"color: #ffffff;\">Rumiant Rural Development S.L., Galceran, 08699 Vallcebre, Barcelona .\u00a0 \u00a0 \u00a0CIF B-67061242. Registre Mercantil de Barcelona\u00a0Inscrita al tom 46081, foli 87, full B-508845<\/span><\/h5>\n<p>[\/et_pb_text][\/et_pb_column][\/et_pb_row][\/et_pb_section]<\/p>\n","protected":false},"excerpt":{"rendered":"<p>Los pagos de las compras en Rumiant.com se hacen a trav\u00e9s de Redsys (Canal oficial de pago de BBVA) con todos los sistemas de encriptaci\u00f3n y seguridad de transferencia de [&hellip;]<\/p>\n","protected":false},"author":1,"featured_media":0,"parent":0,"menu_order":0,"comment_status":"closed","ping_status":"closed","template":"","meta":{"_et_pb_use_builder":"on","_et_pb_old_content":"","_et_gb_content_width":"","_mi_skip_tracking":false},"_links":{"self":[{"href":"https:\/\/elbatall.com\/es\/wp-json\/wp\/v2\/pages\/761"}],"collection":[{"href":"https:\/\/elbatall.com\/es\/wp-json\/wp\/v2\/pages"}],"about":[{"href":"https:\/\/elbatall.com\/es\/wp-json\/wp\/v2\/types\/page"}],"author":[{"embeddable":true,"href":"https:\/\/elbatall.com\/es\/wp-json\/wp\/v2\/users\/1"}],"replies":[{"embeddable":true,"href":"https:\/\/elbatall.com\/es\/wp-json\/wp\/v2\/comments?post=761"}],"version-history":[{"count":10,"href":"https:\/\/elbatall.com\/es\/wp-json\/wp\/v2\/pages\/761\/revisions"}],"predecessor-version":[{"id":1562,"href":"https:\/\/elbatall.com\/es\/wp-json\/wp\/v2\/pages\/761\/revisions\/1562"}],"wp:attachment":[{"href":"https:\/\/elbatall.com\/es\/wp-json\/wp\/v2\/media?parent=761"}],"curies":[{"name":"wp","href":"https:\/\/api.w.org\/{rel}","templated":true}]}}