{"id":618,"date":"2019-01-22T21:51:22","date_gmt":"2019-01-22T21:51:22","guid":{"rendered":"https:\/\/elbatall.com\/producte\/localizador-gps-para-ovejas\/"},"modified":"2019-07-18T15:29:26","modified_gmt":"2019-07-18T15:29:26","slug":"localizador-gps-para-ovejas","status":"publish","type":"product","link":"https:\/\/elbatall.com\/es\/producte\/localizador-gps-para-ovejas\/","title":{"rendered":"Localizador GPS para ovejas"},"content":{"rendered":"<p>El dispositivo localizador GPS para ovejas de Digitanimal se coloca en el cuello del animal, est\u00e1 compuesto de una correa ajustable y diferentes sensores capaces de controlar la ubicaci\u00f3n de los animales y de controlar las 24 horas del d\u00eda para que en caso de que haya alg\u00fan problema, notifique al usuario de forma autom\u00e1tica. Esta correa est\u00e1 dise\u00f1ada para ganado ovino.<\/p>\n<p>Incluye bater\u00eda, mantenimiento, atenci\u00f3n al cliente y licencia de uso del software asociado con vigencia de un a\u00f1o. Garant\u00eda de dos a\u00f1os.<\/p>\n<p>&nbsp;<br \/>\n<a href='http:\/\/elbatall.com\/es\/contacto\/' class='small-button smallgreen'>Cont\u00e1ctanos<\/a><\/p>\n","protected":false},"excerpt":{"rendered":"<p>Digitanimal es un sistema de localizaci\u00f3n GPS para ganado, se encarga de localizar y monitorizar tus animales durante las 24 horas del d\u00eda.<\/p>\n<p>El localizador GPS para vacas, ovejas, cabras, caballos, ciervos, jabal\u00edes &#8230; recopila informaci\u00f3n sobre el animal, almacenando los datos en nuestro servidor, para analizar in situ toda la informaci\u00f3n que recibimos de cada animal y notificar al ganadero en detectar cualquier anomal\u00eda. Por ejemplo, alertas por temperatura, avisos por localizaci\u00f3n (cerrado virtual), actividad an\u00f3mala, avisos meteorol\u00f3gicos, etc. directamente en su smartphone y por correo electr\u00f3nico, sin costes adicionales, ni costes de SMS.<\/p>\n<p>El sistema est\u00e1 compuesto de un collar, un dispositivo de localizaci\u00f3n y monitorizaci\u00f3n con sensor de temperatura, bater\u00eda con 1 a\u00f1o de duraci\u00f3n, una hebilla, un contrapeso y la plataforma de acceso a los servicios. IVA no incluido.<\/p>\n<p>A partir del segundo a\u00f1o, tenemos una cuota para pagar las telecomunicaciones y el reemplazo de la bater\u00eda. Aplicamos descuentos seg\u00fan las unidades adquiridas, por ejemplo, si compras una unidad la cuota de renovaci\u00f3n ser\u00e1 de menos de 4,5 \u20ac + IVA al mes, pero a partir de dos unidades la cuota puede ser inferior a 3 \u20ac + IVA por unidad. La cuota se cobra de forma \u00edntegra al principio del a\u00f1o cuando cumpla la renovaci\u00f3n. Con la renovaci\u00f3n est\u00e1 incluido el acceso a la plataforma y todos los servicios asociados, asesoramiento t\u00e9cnico, y el cambio de bater\u00eda como coment\u00e1bamos anteriormente.<\/p>\n","protected":false},"featured_media":2227,"comment_status":"closed","ping_status":"closed","template":"","meta":{"_et_pb_use_builder":"","_et_pb_old_content":"","_et_gb_content_width":"","_mi_skip_tracking":false},"product_cat":[35],"product_tag":[38,36,37],"jetpack_publicize_connections":[],"_links":{"self":[{"href":"https:\/\/elbatall.com\/es\/wp-json\/wp\/v2\/product\/618"}],"collection":[{"href":"https:\/\/elbatall.com\/es\/wp-json\/wp\/v2\/product"}],"about":[{"href":"https:\/\/elbatall.com\/es\/wp-json\/wp\/v2\/types\/product"}],"replies":[{"embeddable":true,"href":"https:\/\/elbatall.com\/es\/wp-json\/wp\/v2\/comments?post=618"}],"wp:featuredmedia":[{"embeddable":true,"href":"https:\/\/elbatall.com\/es\/wp-json\/wp\/v2\/media\/2227"}],"wp:attachment":[{"href":"https:\/\/elbatall.com\/es\/wp-json\/wp\/v2\/media?parent=618"}],"wp:term":[{"taxonomy":"product_cat","embeddable":true,"href":"https:\/\/elbatall.com\/es\/wp-json\/wp\/v2\/product_cat?post=618"},{"taxonomy":"product_tag","embeddable":true,"href":"https:\/\/elbatall.com\/es\/wp-json\/wp\/v2\/product_tag?post=618"}],"curies":[{"name":"wp","href":"https:\/\/api.w.org\/{rel}","templated":true}]}}