{"id":622,"date":"2019-01-22T21:05:43","date_gmt":"2019-01-22T21:05:43","guid":{"rendered":"https:\/\/elbatall.com\/producte\/localizador-gps-para-vacas\/"},"modified":"2019-07-18T15:35:17","modified_gmt":"2019-07-18T15:35:17","slug":"localizador-gps-para-vacas","status":"publish","type":"product","link":"https:\/\/elbatall.com\/es\/producte\/localizador-gps-para-vacas\/","title":{"rendered":"Localizador GPS para vacas"},"content":{"rendered":"<p>[et_pb_section fb_built=\u00bb1&#8243; admin_label=\u00bbsection\u00bb _builder_version=\u00bb3.22&#8243;][et_pb_row admin_label=\u00bbrow\u00bb _builder_version=\u00bb3.26.3&#8243; background_size=\u00bbinitial\u00bb background_position=\u00bbtop_left\u00bb background_repeat=\u00bbrepeat\u00bb][et_pb_column type=\u00bb4_4&#8243; _builder_version=\u00bb3.26.3&#8243; custom_padding=\u00bb|||\u00bb custom_padding__hover=\u00bb|||\u00bb][et_pb_text admin_label=\u00bbText\u00bb _builder_version=\u00bb3.26.3&#8243; background_size=\u00bbinitial\u00bb background_position=\u00bbtop_left\u00bb background_repeat=\u00bbrepeat\u00bb]El dispositivo localizador GPS para vacas de Digitanimal se coloca en el cuello del animal, est\u00e1 compuesto de una correa ajustable y diferentes sensores capaces de controlar la ubicaci\u00f3n de los animales y de controlar las 24 horas del d\u00eda para que en caso de que haya alg\u00fan problema, notifique al usuario de forma autom\u00e1tica. Esta correa est\u00e1 dise\u00f1ada para ganado vacuno.<\/p>\n<p>Incluye bater\u00eda, mantenimiento, atenci\u00f3n al cliente y licencia de uso del software asociado con vigencia de un a\u00f1o. Garant\u00eda de dos a\u00f1os.<\/p>\n<p>&nbsp;<\/p>\n<p><a href='http:\/\/elbatall.com\/es\/contacto\/' class='small-button smallgreen'>Contacto<\/a>[\/et_pb_text][\/et_pb_column][\/et_pb_row][\/et_pb_section]<\/p>\n","protected":false},"excerpt":{"rendered":"<p>Digitanimal es un sistema de localizaci\u00f3n GPS para ganado, se encarga de localizar y monitorizar tus animales durante las 24 horas del d\u00eda.<\/p>\n<p>El localizador GPS para vacas, ovejas, cabras, caballos, ciervos, jabal\u00edes &#8230; recopila informaci\u00f3n sobre el animal, almacenando los datos en nuestro servidor, para analizar in situ toda la informaci\u00f3n que recibimos de cada animal y notificar al ganadero en detectar cualquier anomal\u00eda. Por ejemplo, alertas por temperatura, avisos por localizaci\u00f3n (cerrado virtual), actividad an\u00f3mala, avisos meteorol\u00f3gicos, etc. directamente en su smartphone y por correo electr\u00f3nico, sin costes adicionales, ni costes de SMS.<\/p>\n<p>El sistema est\u00e1 compuesto de un collar, un dispositivo de localizaci\u00f3n y monitorizaci\u00f3n con sensor de temperatura, bater\u00eda con 1 a\u00f1o de duraci\u00f3n, una hebilla, un contrapeso y la plataforma de acceso a los servicios. IVA no incluido.<\/p>\n<p>A partir del segundo a\u00f1o, tenemos una cuota para pagar las telecomunicaciones y el reemplazo de la bater\u00eda. Aplicamos descuentos seg\u00fan las unidades adquiridas, por ejemplo, si compras una unidad la cuota de renovaci\u00f3n ser\u00e1 de menos de 4,5 \u20ac + IVA al mes, pero a partir de dos unidades la cuota puede ser inferior a 3 \u20ac + IVA por unidad. La cuota se cobra de forma \u00edntegra al principio del a\u00f1o cuando cumpla la renovaci\u00f3n. Con la renovaci\u00f3n est\u00e1 incluido el acceso a la plataforma y todos los servicios asociados, asesoramiento t\u00e9cnico, y el cambio de bater\u00eda como coment\u00e1bamos anteriormente.<\/p>\n","protected":false},"featured_media":1837,"comment_status":"closed","ping_status":"closed","template":"","meta":{"_et_pb_use_builder":"on","_et_pb_old_content":"El dispositiu localitzador GPS per vaques de Digitanimal es col\u00b7loca en el coll de l'animal, est\u00e0 compost d'una corretja ajustable i diferents sensors capa\u00e7os de controlar la ubicaci\u00f3 dels animals i de controlar-les 24 hores del dia perqu\u00e8 en cas que hi hagi algun problema , notifiqui a l'usuari de forma autom\u00e0tica. Aquesta corretja est\u00e0 dissenyada per a bestiar bov\u00ed.\r\n\r\nInclou bateria, manteniment, atenci\u00f3 al client i llic\u00e8ncia d'\u00fas del programari associat amb vig\u00e8ncia d'un any. Garantia de dos anys.\r\n\r\n\u00a0\r\n\r\n[button link=\"http:\/\/elbatall.com\/contacte\/\" color=\"green\"] Contacta'ns[\/button]","_et_gb_content_width":"","_mi_skip_tracking":false},"product_cat":[35],"product_tag":[38,36,37],"jetpack_publicize_connections":[],"_links":{"self":[{"href":"https:\/\/elbatall.com\/es\/wp-json\/wp\/v2\/product\/622"}],"collection":[{"href":"https:\/\/elbatall.com\/es\/wp-json\/wp\/v2\/product"}],"about":[{"href":"https:\/\/elbatall.com\/es\/wp-json\/wp\/v2\/types\/product"}],"replies":[{"embeddable":true,"href":"https:\/\/elbatall.com\/es\/wp-json\/wp\/v2\/comments?post=622"}],"wp:featuredmedia":[{"embeddable":true,"href":"https:\/\/elbatall.com\/es\/wp-json\/wp\/v2\/media\/1837"}],"wp:attachment":[{"href":"https:\/\/elbatall.com\/es\/wp-json\/wp\/v2\/media?parent=622"}],"wp:term":[{"taxonomy":"product_cat","embeddable":true,"href":"https:\/\/elbatall.com\/es\/wp-json\/wp\/v2\/product_cat?post=622"},{"taxonomy":"product_tag","embeddable":true,"href":"https:\/\/elbatall.com\/es\/wp-json\/wp\/v2\/product_tag?post=622"}],"curies":[{"name":"wp","href":"https:\/\/api.w.org\/{rel}","templated":true}]}}